{"id":6185,"date":"2016-06-14T17:55:26","date_gmt":"2016-06-14T10:55:26","guid":{"rendered":"https:\/\/tuoitudong.com.vn\/gioi-thieu\/"},"modified":"2020-08-11T10:23:02","modified_gmt":"2020-08-11T03:23:02","slug":"about-us","status":"publish","type":"page","link":"https:\/\/tuoitudong.com.vn\/en\/about-us\/","title":{"rendered":"About Us"},"content":{"rendered":"<h3><strong>Welcome to\u00a0<\/strong><strong>Viet Garden!<\/strong><\/h3>\n<p style=\"text-align: justify\">As one of the International Hunter Distributors of irrigation equipment for the landscape and golf course industries since January 10, 2007, Viet Garden has successfully provided consulting, distribution and design services for dealers and contractors in Vietnam, Laos and Cambodia. We provide specialist support and training for the professional contractors to ensure the job is done right the first time!<\/p>\n<p style=\"text-align: justify\">Located in Ho Chi Minh City, Viet Garden is available to provide professional, friendly advice to contractors, dealers, and project owners right across three countries.<\/p>\n<h3 style=\"text-align: justify\"><strong>Customers Come First \u2013 Always<\/strong><\/h3>\n<p style=\"text-align: justify\">Viet Garden works hard to ensure the success of all of its partners \u2013 from the dealers, contractors and through to the end-user customers. Viet Garden provides a wide range of technical support programs; education and training; and business development initiatives. In addition, Viet Garden constantly coordinates customer feedback sessions through both its own company and also via respected industry associations and facilitators around INDOCHINA. This kind of communication is vital to our ongoing success.<\/p>\n<h3 style=\"text-align: justify\"><strong>Quality &amp; Durability Equals Lasting Value<\/strong><\/h3>\n<p style=\"text-align: justify\">Quality products, complemented by an outstanding level of customer support, are at the cornerstone of any company that plans on enjoying a solid customer reputation for years to come. Viet Garden has long been known for delivering the industry\u2019s highest levels of: quality; durability; ease of installation; and after sales service. These attributes have enabled Viet Garden to be recognized as a leader in the irrigation field resulting in some of the lowest warranty costs and callbacks in the industry.<\/p>\n<h3 style=\"text-align: justify\"><strong>A Winning Corporate Strategy: Focus on INDOCHINA.<\/strong><\/h3>\n<p style=\"text-align: justify\">From the beginning, Viet Garden\u2019s corporate strategy has been to focus predominantly on providing the highest levels of value and service to the irrigation professional. A key result of this focus has resulted in the establishment of professional contractor network spanning all Vietnam, Laos and Cambodia. These combined strategies and focus means a Viet Garden customer knows they are getting a professional cost effective investment!<\/p>\n\t<div  class=\"row container \">\n<div class=\"small-12    large-6  columns   \"  ><div class=\"column-inner\"  >\n<div class=\"sdm_download_item \"><div class=\"sdm_download_item_top\"><div class=\"sdm_download_thumbnail\"><img decoding=\"async\" class=\"sdm_download_thumbnail_image\" src=\"http:\/\/tuoitudong.com.vn\/wp-content\/uploads\/sites\/6\/Viet-Garden-Profile.jpg\" alt = \"Viet Garden Profile\" \/><\/div><div class=\"sdm_download_title\">Viet Garden Profile<\/div><\/div><div style=\"clear:both;\"><\/div><div class=\"sdm_download_description\"><p style=\"text-align: justify\">Th\u00f4ng tin v\u1ec1 Viet Garden: Gi\u1ea5y ch\u1ee9ng nh\u1eadn doanh nghi\u1ec7p, c\u00e1c ch\u1ee9ng nh\u1eadn, th\u00f4ng tin ban qu\u1ea3n l\u00fd, c\u00e1c d\u1ef1 \u00e1n t\u01b0\u1edbi t\u1ef1 \u0111\u1ed9ng \u0111\u00e3 th\u1ef1c hi\u1ec7n.<\/p>\n<\/div><div class=\"sdm_download_link\"><span class=\"sdm_download_button\"><a href=\"https:\/\/tuoitudong.com.vn\/en\/?sdm_process_download=1&download_id=9993\" class=\"sdm_download green\" title=\"Viet Garden Profile\" target=\"_self\">Download Now!<\/a><\/span><span class=\"sdm_download_item_count\"><span class=\"sdm_item_count_number\">316<\/span><span class=\"sdm_item_count_string\"> Downloads<\/span><\/span><\/div><\/div><div class=\"sdm_clear_float\"><\/div>\n<\/div><\/div>\n<div class=\"small-12    large-6  columns   \"  ><div class=\"column-inner\"  >\n<div class=\"sdm_download_item \"><div class=\"sdm_download_item_top\"><div class=\"sdm_download_thumbnail\"><img decoding=\"async\" class=\"sdm_download_thumbnail_image\" src=\"http:\/\/tuoitudong.com.vn\/wp-content\/uploads\/sites\/6\/Exclusive-Distributor.jpg\" alt = \"Certificates\" \/><\/div><div class=\"sdm_download_title\">Certificates<\/div><\/div><div style=\"clear:both;\"><\/div><div class=\"sdm_download_description\"><p style=\"text-align: justify\">Ch\u1ee9ng nh\u1eadn Viet Garden l\u00e0 nh\u00e0 ph\u00e2n ph\u1ed1i c\u1ee7a Hunter, Azud v\u00e0 ch\u1ee9ng nh\u1eadn ti\u00eau chu\u1ea9n ch\u1ea5t l\u01b0\u1ee3ng ISO 9001:2000 c\u1ee7a\u00a0nh\u00e0 cung c\u1ea5p.<\/p>\n<\/div><div class=\"sdm_download_link\"><span class=\"sdm_download_button\"><a href=\"https:\/\/tuoitudong.com.vn\/en\/?sdm_process_download=1&download_id=3733\" class=\"sdm_download green\" title=\"Certificates\" target=\"_self\">Download Now!<\/a><\/span><span class=\"sdm_download_item_count\"><span class=\"sdm_item_count_number\">644<\/span><span class=\"sdm_item_count_string\"> Downloads<\/span><\/span><\/div><\/div><div class=\"sdm_clear_float\"><\/div>\n<\/div><\/div>\n<\/div>\n  \n\n\n\n","protected":false},"excerpt":{"rendered":"<p>Welcome to\u00a0Viet Garden! As one of the International Hunter Distributors of irrigation equipment for the landscape and golf course industries since January 10, 2007, Viet Garden has successfully provided consulting, distribution and design services for dealers and contractors in Vietnam, Laos and Cambodia. We provide specialist support and training for the professional contractors to ensure [&hellip;]\n","protected":false},"author":3,"featured_media":11090,"parent":0,"menu_order":0,"comment_status":"closed","ping_status":"closed","template":"","meta":{"footnotes":""},"class_list":["post-6185","page","type-page","status-publish","has-post-thumbnail","hentry"],"_links":{"self":[{"href":"https:\/\/tuoitudong.com.vn\/en\/wp-json\/wp\/v2\/pages\/6185","targetHints":{"allow":["GET"]}}],"collection":[{"href":"https:\/\/tuoitudong.com.vn\/en\/wp-json\/wp\/v2\/pages"}],"about":[{"href":"https:\/\/tuoitudong.com.vn\/en\/wp-json\/wp\/v2\/types\/page"}],"author":[{"embeddable":true,"href":"https:\/\/tuoitudong.com.vn\/en\/wp-json\/wp\/v2\/users\/3"}],"replies":[{"embeddable":true,"href":"https:\/\/tuoitudong.com.vn\/en\/wp-json\/wp\/v2\/comments?post=6185"}],"version-history":[{"count":0,"href":"https:\/\/tuoitudong.com.vn\/en\/wp-json\/wp\/v2\/pages\/6185\/revisions"}],"wp:featuredmedia":[{"embeddable":true,"href":"https:\/\/tuoitudong.com.vn\/en\/wp-json\/wp\/v2\/media\/11090"}],"wp:attachment":[{"href":"https:\/\/tuoitudong.com.vn\/en\/wp-json\/wp\/v2\/media?parent=6185"}],"curies":[{"name":"wp","href":"https:\/\/api.w.org\/{rel}","templated":true}]}}