{"id":9227,"date":"2016-08-11T09:58:20","date_gmt":"2016-08-11T02:58:20","guid":{"rendered":"https:\/\/tuoitudong.com.vn\/san-pham\/chua-phan-loai\/bo-loc-tu-dong-helix-400-2\/"},"modified":"2019-02-21T08:54:39","modified_gmt":"2019-02-21T01:54:39","slug":"helix-automatic-400","status":"publish","type":"product","link":"https:\/\/tuoitudong.com.vn\/en\/san-pham\/golf-irrigation\/azud-filters-en\/helix-automatic-400\/","title":{"rendered":"Helix Automatic 400"},"content":{"rendered":"<h3><strong>B\u1ed9 l\u1ecdc t\u1ef1 \u0111\u1ed9ng Helix 400<\/strong><\/h3>\n<p><strong>\u1ee8ng d\u1ee5ng<\/strong><\/p>\n<p>Th\u00edch h\u1ee3p cho vi\u1ec7c l\u1ecdc n\u01b0\u1edbc trong:<br \/>\nH\u1ec7 th\u1ed1ng t\u01b0\u1edbi ti\u00eau t\u1ef1 \u0111\u1ed9ng<br \/>\nH\u1ec7 th\u1ed1ng c\u1ea5p n\u01b0\u1edbc<br \/>\nH\u1ec7 th\u1ed1ng phun n\u01b0\u1edbc ngh\u1ec7 thu\u1eadt<br \/>\nH\u1ec7 th\u1ed1ng gi\u1ea3i nhi\u1ec7t v\u00e0 \u0111i\u1ec1u h\u00f2a kh\u00f4ng kh\u00ed<\/p>\n<p><strong>\u0110\u1eb7c \u0111i\u1ec3m v\u00e0 s\u1ef1 ti\u1ec7n \u00edch<\/strong><\/p>\n<p>\u1ee8ng d\u1ee5ng r\u1ed9ng r\u00e3i<br \/>\nT\u1ef1 \u0111\u1ed9ng x\u1ea3 c\u00e1t v\u00e0 c\u00e1c ch\u1ea5t b\u1ea9n t\u1ea1i \u0111\u1ea7u l\u1ecdc<br \/>\nL\u1ecdc d\u1ea1ng \u0111\u0129a x\u1ebfp c\u00f3 r\u00e3nh ho\u1eb7c m\u00e0ng<br \/>\nNg\u0103n ch\u1eb7n c\u00e1t v\u00e0 c\u00e1c ch\u1ea5t b\u1ea9n d\u1ea1ng th\u00f4<br \/>\n\u0110\u1ed9 tin c\u1eady cao<br \/>\nM\u1ea5t \u00e1p th\u1ea5p<br \/>\nN\u1ed1i ren ngo\u00e0i BSP ho\u1eb7c m\u1eb7t b\u00edch ph\u00f9 h\u1ee3p v\u1edbi ren trong n\u01b0\u1edbc<br \/>\nB\u1ea3o tr\u00ec d\u1ec5 d\u00e0ng<br \/>\nTi\u1ebft ki\u1ec7m di\u1ec7n t\u00edch l\u1eafp \u0111\u1eb7t<br \/>\nD\u1ec5 s\u1eed d\u1ee5ng<br \/>\nCh\u1ed1ng l\u1ea1i c\u00e1c ch\u1ea5t h\u00f3a h\u1ecdc b\u00e0o m\u00f2n<\/p>\n<p><strong>Th\u1eddi gian b\u1ea3o h\u00e0nh: 1 n\u0103m<\/strong><\/p>\n\n","protected":false},"excerpt":{"rendered":"<p>Flow: 1 to 1.152 m\u00b3\/h.<br \/>\nOperating pressure: 0.5 to 10\u00a0bars.<\/p>\n","protected":false},"featured_media":6967,"comment_status":"closed","ping_status":"closed","template":"","meta":[],"product_brand":[],"product_cat":[634],"product_tag":[680],"class_list":{"0":"post-9227","1":"product","2":"type-product","3":"status-publish","4":"has-post-thumbnail","6":"product_cat-azud-filters-en","7":"product_tag-helix-automatic-400","9":"first","10":"instock","11":"shipping-taxable","12":"product-type-grouped"},"_links":{"self":[{"href":"https:\/\/tuoitudong.com.vn\/en\/wp-json\/wp\/v2\/product\/9227","targetHints":{"allow":["GET"]}}],"collection":[{"href":"https:\/\/tuoitudong.com.vn\/en\/wp-json\/wp\/v2\/product"}],"about":[{"href":"https:\/\/tuoitudong.com.vn\/en\/wp-json\/wp\/v2\/types\/product"}],"replies":[{"embeddable":true,"href":"https:\/\/tuoitudong.com.vn\/en\/wp-json\/wp\/v2\/comments?post=9227"}],"wp:featuredmedia":[{"embeddable":true,"href":"https:\/\/tuoitudong.com.vn\/en\/wp-json\/wp\/v2\/media\/6967"}],"wp:attachment":[{"href":"https:\/\/tuoitudong.com.vn\/en\/wp-json\/wp\/v2\/media?parent=9227"}],"wp:term":[{"taxonomy":"product_brand","embeddable":true,"href":"https:\/\/tuoitudong.com.vn\/en\/wp-json\/wp\/v2\/product_brand?post=9227"},{"taxonomy":"product_cat","embeddable":true,"href":"https:\/\/tuoitudong.com.vn\/en\/wp-json\/wp\/v2\/product_cat?post=9227"},{"taxonomy":"product_tag","embeddable":true,"href":"https:\/\/tuoitudong.com.vn\/en\/wp-json\/wp\/v2\/product_tag?post=9227"}],"curies":[{"name":"wp","href":"https:\/\/api.w.org\/{rel}","templated":true}]}}