{"id":9836,"date":"2016-07-21T09:01:59","date_gmt":"2016-07-21T02:01:59","guid":{"rendered":"https:\/\/tuoitudong.com.vn\/san-pham\/chua-phan-loai\/hop-dung-van-0910-1t2t\/"},"modified":"2016-07-21T09:01:59","modified_gmt":"2016-07-21T02:01:59","slug":"hop-dung-van-0910-1t2t","status":"publish","type":"product","link":"https:\/\/tuoitudong.com.vn\/en\/san-pham\/commercial-irrigation-en\/aep-valve-boxes\/hop-dung-van-0910-1t2t\/","title":{"rendered":"H\u1ed9p \u0111\u1ef1ng van 0910 1T2T"},"content":{"rendered":"<h3><strong>H\u1ed9p \u0111\u1ef1ng van 0910 1T2T<\/strong><\/h3>\n<p style=\"text-align: justify;\">H\u1ed9p \u0111\u1ef1ng van 0910 1T2T d\u00f9ng \u0111\u1ec3 b\u1ea3o v\u1ec7 c\u00e1c van \u0111i\u1ec7n t\u1eeb lo\u1ea1i 1.1\/2\u201d , 2\u201d ho\u1eb7c c\u00e1c van l\u1ea5y n\u01b0\u1edbc nhanh QCV. \u1ea8n m\u00ecnh trong c\u00e1c th\u1ea3m c\u1ecf, t\u1ea1o t\u00ednh th\u1ea9m m\u1ef9 v\u00e0 c\u00f3 \u0111\u1ed9 b\u1ec1n tr\u00ean 50 n\u0103m.<\/p>\n<p><strong>Th\u00f4ng s\u1ed1 k\u1ef9 thu\u1eadt<\/strong><\/p>\n<p>K\u00edch th\u01b0\u1edbc : 24.13 x 25.4 x 33.27 cm<br \/>\nTr\u1ecdng l\u01b0\u1ee3ng: 1.74kg<br \/>\nM\u00e0u s\u1eafc: M\u00e0u \u0111\u1ed3ng<\/p>\n<p><strong>Ch\u1ea5t li\u1ec7u<\/strong><br \/>\nH\u1ed9p \u0111\u1ef1ng van \u0111\u01b0\u1ee3c l\u00e0m b\u1eb1ng nh\u1ef1a composite<br \/>\nK\u1ebft h\u1ee3p ch\u1ea5t UV ch\u1ed1ng r\u1ea1n n\u1ee9c v\u00e0 c\u00f3 \u0111\u1ed9 c\u1ee9ng cao.<\/p>\n<p><b>Th\u1eddi gian b\u1ea3o h\u00e0nh: 5 n\u0103m<\/b><\/p>\n\n","protected":false},"excerpt":{"rendered":"<p>Tr\u1ecdng l\u01b0\u1ee3ng: 1.74kg<br \/>\nK\u00edch th\u01b0\u1edbc : 24.13 x 25.4 x 33.27 cm<\/p>\n","protected":false},"featured_media":6680,"comment_status":"closed","ping_status":"closed","template":"","meta":[],"product_brand":[],"product_cat":[622],"product_tag":[301],"class_list":{"0":"post-9836","1":"product","2":"type-product","3":"status-publish","4":"has-post-thumbnail","6":"product_cat-aep-valve-boxes","7":"product_tag-hop-dung-van-0910-1t2t","9":"first","10":"instock","11":"shipping-taxable","12":"product-type-grouped"},"_links":{"self":[{"href":"https:\/\/tuoitudong.com.vn\/en\/wp-json\/wp\/v2\/product\/9836","targetHints":{"allow":["GET"]}}],"collection":[{"href":"https:\/\/tuoitudong.com.vn\/en\/wp-json\/wp\/v2\/product"}],"about":[{"href":"https:\/\/tuoitudong.com.vn\/en\/wp-json\/wp\/v2\/types\/product"}],"replies":[{"embeddable":true,"href":"https:\/\/tuoitudong.com.vn\/en\/wp-json\/wp\/v2\/comments?post=9836"}],"wp:featuredmedia":[{"embeddable":true,"href":"https:\/\/tuoitudong.com.vn\/en\/wp-json\/wp\/v2\/media\/6680"}],"wp:attachment":[{"href":"https:\/\/tuoitudong.com.vn\/en\/wp-json\/wp\/v2\/media?parent=9836"}],"wp:term":[{"taxonomy":"product_brand","embeddable":true,"href":"https:\/\/tuoitudong.com.vn\/en\/wp-json\/wp\/v2\/product_brand?post=9836"},{"taxonomy":"product_cat","embeddable":true,"href":"https:\/\/tuoitudong.com.vn\/en\/wp-json\/wp\/v2\/product_cat?post=9836"},{"taxonomy":"product_tag","embeddable":true,"href":"https:\/\/tuoitudong.com.vn\/en\/wp-json\/wp\/v2\/product_tag?post=9836"}],"curies":[{"name":"wp","href":"https:\/\/api.w.org\/{rel}","templated":true}]}}